{"id":73,"date":"2017-08-22T16:26:26","date_gmt":"2017-08-22T19:26:26","guid":{"rendered":"https:\/\/www.fusetecnologia.com.br\/site\/?page_id=73"},"modified":"2025-08-14T14:14:01","modified_gmt":"2025-08-14T17:14:01","slug":"sobre-nos","status":"publish","type":"page","link":"https:\/\/www.fusetecnologia.com.br\/site\/index.php\/sobre-nos\/","title":{"rendered":"SOBRE N\u00d3S"},"content":{"rendered":"<p>[et_pb_section fb_built=&#8221;1&#8243; _builder_version=&#8221;4.16&#8243; custom_padding=&#8221;30px||0px|&#8221; global_colors_info=&#8221;{}&#8221; da_is_popup=&#8221;off&#8221; da_exit_intent=&#8221;off&#8221; da_has_close=&#8221;on&#8221; da_alt_close=&#8221;off&#8221; da_dark_close=&#8221;off&#8221; da_not_modal=&#8221;on&#8221; da_is_singular=&#8221;off&#8221; da_with_loader=&#8221;off&#8221; da_has_shadow=&#8221;on&#8221; da_disable_devices=&#8221;off|off|off&#8221;][et_pb_row _builder_version=&#8221;4.16&#8243; background_size=&#8221;initial&#8221; background_position=&#8221;top_left&#8221; background_repeat=&#8221;repeat&#8221; custom_margin=&#8221;40px||40px|&#8221; custom_padding=&#8221;0px||0px|&#8221; global_colors_info=&#8221;{}&#8221;][et_pb_column type=&#8221;4_4&#8243; _builder_version=&#8221;4.16&#8243; background_position=&#8221;top_left&#8221; custom_padding=&#8221;0px||0px|&#8221; global_colors_info=&#8221;{}&#8221; custom_padding__hover=&#8221;|||&#8221;][et_pb_text admin_label=&#8221;Contatos&#8221; _builder_version=&#8221;4.16&#8243; text_font_size=&#8221;18&#8243; text_orientation=&#8221;right&#8221; border_style=&#8221;solid&#8221; global_colors_info=&#8221;{}&#8221;]Conhe\u00e7a um pouco sobre a\u00a0<span style=\"font-size: 26px; font-weight: 600; color: #b61b06;\">FUSE TECNOLOGIA<\/span><br \/>\n[\/et_pb_text][\/et_pb_column][\/et_pb_row][et_pb_row _builder_version=&#8221;4.16&#8243; global_colors_info=&#8221;{}&#8221;][et_pb_column type=&#8221;4_4&#8243; _builder_version=&#8221;4.16&#8243; background_position=&#8221;top_left&#8221; custom_padding=&#8221;|||&#8221; global_colors_info=&#8221;{}&#8221; custom_padding__hover=&#8221;|||&#8221;][et_pb_text admin_label=&#8221;Contatos&#8221; _builder_version=&#8221;4.16&#8243; text_text_color=&#8221;#054d8b&#8221; background_color=&#8221;#f7f7f7&#8243; custom_padding=&#8221;30px|30px|30px|30px&#8221; custom_css_main_element=&#8221;border: solid 7px #efefef;&#8221; border_style=&#8221;solid&#8221; global_colors_info=&#8221;{}&#8221;]Com mais de vinte e cinco anos de atua\u00e7\u00e3o, representamos e Distribuimos no mercado Gaucho as mais conceituadas marcas com extrema qualidade em duas \u00e1reas distintas.<\/p>\n<p>Entre os diferenciais da Fuse Tecnologia encontram-se o desenvolvimento de produtos sob medida, possibilidade de entrega imediata de ampla gama de produtos, o conhecimento t\u00e9cnico apurado e sua intera\u00e7\u00e3o, em tempo real com os fabricantes, permitindo desenvolver novas solu\u00e7\u00f5es e proporcionando treinamentos para garantir a seguran\u00e7a da opera\u00e7\u00e3o.<\/p>\n<p><strong>Cintas de Eleva\u00e7\u00e3o e Amarra\u00e7\u00e3o<\/strong><br \/>\nRepresentante RS da Tecnotextil, fabricante das marcas Trik, Levfix e Levtec, l\u00edderes de mercado. As cintas de amarra\u00e7\u00e3o e eleva\u00e7\u00e3o produzidas pela Tecnotextil se destacam pela qualidade, e oferecem a certeza de movimentar cargas valiosas com total seguran\u00e7a, gra\u00e7as a um corpo operacional altamente treinado, t\u00e9cnicos especializados, equipamentos de \u00faltima gera\u00e7\u00e3o e utiliza\u00e7\u00e3o de mat\u00e9ria-prima de qualidade.<br \/>\n[\/et_pb_text][\/et_pb_column][\/et_pb_row][\/et_pb_section][et_pb_section fb_built=&#8221;1&#8243; _builder_version=&#8221;4.16&#8243; custom_padding=&#8221;0px||0px|&#8221; global_colors_info=&#8221;{}&#8221; da_is_popup=&#8221;off&#8221; da_exit_intent=&#8221;off&#8221; da_has_close=&#8221;on&#8221; da_alt_close=&#8221;off&#8221; da_dark_close=&#8221;off&#8221; da_not_modal=&#8221;on&#8221; da_is_singular=&#8221;off&#8221; da_with_loader=&#8221;off&#8221; da_has_shadow=&#8221;on&#8221; da_disable_devices=&#8221;off|off|off&#8221;][et_pb_row _builder_version=&#8221;4.16&#8243; global_colors_info=&#8221;{}&#8221; column_structure=&#8221;1_2,1_2&#8243;][et_pb_column type=&#8221;1_2&#8243; _builder_version=&#8221;4.16&#8243; background_position=&#8221;top_left&#8221; custom_padding=&#8221;0px||0px|&#8221; global_colors_info=&#8221;{}&#8221; custom_padding__hover=&#8221;|||&#8221;][et_pb_image src=&#8221;https:\/\/www.fusetecnologia.com.br\/site\/wp-content\/uploads\/2017\/08\/movimentacao-cargas.png&#8221; align_tablet=&#8221;center&#8221; align_last_edited=&#8221;on|desktop&#8221; _builder_version=&#8221;4.27.4&#8243; hover_enabled=&#8221;0&#8243; border_style=&#8221;solid&#8221; animation=&#8221;off&#8221; sticky=&#8221;off&#8221; always_center_on_mobile=&#8221;on&#8221; global_colors_info=&#8221;{}&#8221; url=&#8221;https:\/\/www.fusetecnologia.com.br\/site\/index.php\/category\/movimentacao-de-carga\/&#8221; sticky_enabled=&#8221;0&#8243; align_phone=&#8221;center&#8221;][\/et_pb_image][\/et_pb_column][et_pb_column type=&#8221;1_2&#8243; _builder_version=&#8221;4.16&#8243; background_position=&#8221;top_left&#8221; custom_padding=&#8221;0px||0px|&#8221; global_colors_info=&#8221;{}&#8221; custom_padding__hover=&#8221;|||&#8221;][et_pb_image src=&#8221;https:\/\/www.fusetecnologia.com.br\/site\/wp-content\/uploads\/2017\/08\/mobilidade-eletronica.png&#8221; align_tablet=&#8221;center&#8221; align_last_edited=&#8221;on|desktop&#8221; _builder_version=&#8221;4.27.4&#8243; hover_enabled=&#8221;0&#8243; border_style=&#8221;solid&#8221; animation=&#8221;off&#8221; sticky=&#8221;off&#8221; always_center_on_mobile=&#8221;on&#8221; global_colors_info=&#8221;{}&#8221; url=&#8221;https:\/\/www.fusetecnologia.com.br\/site\/index.php\/category\/industria-de-eletronica\/&#8221; sticky_enabled=&#8221;0&#8243; align_phone=&#8221;center&#8221;][\/et_pb_image][\/et_pb_column][\/et_pb_row][\/et_pb_section][et_pb_section fb_built=&#8221;1&#8243; _builder_version=&#8221;4.16&#8243; custom_padding=&#8221;0px||0px|&#8221; global_colors_info=&#8221;{}&#8221; da_is_popup=&#8221;off&#8221; da_exit_intent=&#8221;off&#8221; da_has_close=&#8221;on&#8221; da_alt_close=&#8221;off&#8221; da_dark_close=&#8221;off&#8221; da_not_modal=&#8221;on&#8221; da_is_singular=&#8221;off&#8221; da_with_loader=&#8221;off&#8221; da_has_shadow=&#8221;on&#8221; da_disable_devices=&#8221;off|off|off&#8221;][et_pb_row _builder_version=&#8221;4.16&#8243; background_size=&#8221;initial&#8221; background_position=&#8221;top_left&#8221; background_repeat=&#8221;repeat&#8221; global_colors_info=&#8221;{}&#8221;][et_pb_column type=&#8221;4_4&#8243; _builder_version=&#8221;4.16&#8243; custom_padding=&#8221;|||&#8221; global_colors_info=&#8221;{}&#8221; custom_padding__hover=&#8221;|||&#8221;][et_pb_image src=&#8221;https:\/\/www.fusetecnologia.com.br\/site\/wp-content\/uploads\/2017\/08\/logos-1.jpg&#8221; align_tablet=&#8221;center&#8221; align_last_edited=&#8221;on|desktop&#8221; _builder_version=&#8221;4.16&#8243; custom_margin=&#8221;10px||10px|&#8221; border_style=&#8221;solid&#8221; animation=&#8221;off&#8221; sticky=&#8221;off&#8221; always_center_on_mobile=&#8221;on&#8221; global_colors_info=&#8221;{}&#8221; align_phone=&#8221;center&#8221;][\/et_pb_image][\/et_pb_column][\/et_pb_row][\/et_pb_section]<\/p>\n","protected":false},"excerpt":{"rendered":"<p>Conhe\u00e7a um pouco sobre a\u00a0FUSE TECNOLOGIA Com mais de vinte e cinco anos de atua\u00e7\u00e3o, representamos e Distribuimos no mercado Gaucho as mais conceituadas marcas com extrema qualidade em duas \u00e1reas distintas. Entre os diferenciais da Fuse Tecnologia encontram-se o desenvolvimento de produtos sob medida, possibilidade de entrega imediata de ampla gama de produtos, o [&hellip;]<\/p>\n","protected":false},"author":1,"featured_media":0,"parent":0,"menu_order":0,"comment_status":"closed","ping_status":"closed","template":"","meta":{"_et_pb_use_builder":"on","_et_pb_old_content":"<p>[et_pb_section bb_built=\"1\"][et_pb_row][\/et_pb_row][\/et_pb_section]<\/p>","_et_gb_content_width":"","footnotes":""},"class_list":["post-73","page","type-page","status-publish","hentry"],"_links":{"self":[{"href":"https:\/\/www.fusetecnologia.com.br\/site\/index.php\/wp-json\/wp\/v2\/pages\/73","targetHints":{"allow":["GET"]}}],"collection":[{"href":"https:\/\/www.fusetecnologia.com.br\/site\/index.php\/wp-json\/wp\/v2\/pages"}],"about":[{"href":"https:\/\/www.fusetecnologia.com.br\/site\/index.php\/wp-json\/wp\/v2\/types\/page"}],"author":[{"embeddable":true,"href":"https:\/\/www.fusetecnologia.com.br\/site\/index.php\/wp-json\/wp\/v2\/users\/1"}],"replies":[{"embeddable":true,"href":"https:\/\/www.fusetecnologia.com.br\/site\/index.php\/wp-json\/wp\/v2\/comments?post=73"}],"version-history":[{"count":10,"href":"https:\/\/www.fusetecnologia.com.br\/site\/index.php\/wp-json\/wp\/v2\/pages\/73\/revisions"}],"predecessor-version":[{"id":727,"href":"https:\/\/www.fusetecnologia.com.br\/site\/index.php\/wp-json\/wp\/v2\/pages\/73\/revisions\/727"}],"wp:attachment":[{"href":"https:\/\/www.fusetecnologia.com.br\/site\/index.php\/wp-json\/wp\/v2\/media?parent=73"}],"curies":[{"name":"wp","href":"https:\/\/api.w.org\/{rel}","templated":true}]}}